{"id":9,"date":"2012-10-02T23:36:05","date_gmt":"2012-10-02T21:36:05","guid":{"rendered":"http:\/\/freedomdc.fr\/?page_id=9"},"modified":"2025-06-02T16:03:26","modified_gmt":"2025-06-02T15:03:26","slug":"tarifs","status":"publish","type":"page","link":"https:\/\/freedomdc.fr\/?page_id=9","title":{"rendered":"Tarifs"},"content":{"rendered":"<h1><span style=\"background-color: #ffbb42; background-position: initial initial; background-repeat: initial initial;\"><strong><a href=\"http:\/\/freedomdc.fr\/wp-content\/uploads\/horse.png\"><img loading=\"lazy\" decoding=\"async\" class=\"alignright size-full wp-image-261\" src=\"http:\/\/freedomdc.fr\/wp-content\/uploads\/horse.png\" alt=\"horse\" width=\"123\" height=\"130\" \/><\/a>ADHESION :\u00a0 (Assurance, licence&#8230;)<br \/>\n<\/strong><\/span><\/h1>\n<h1><em><strong><span style=\"text-decoration: underline;\">&#8211; 20 EUROS<\/span> <\/strong><\/em>\/ <strong><em><span style=\"text-decoration: underline;\">Adh\u00e9rent\u00a0 pour l&rsquo;ann\u00e9e<\/span><\/em>.<\/strong><\/h1>\n<p>&nbsp;<\/p>\n<h1><span style=\"background-color: #ffbb42; background-position: initial initial; background-repeat: initial initial;\"><strong><span style=\"text-decoration: underline;\">LES\u00a0 COURS<\/span>\u00a0 :<\/strong><\/span><\/h1>\n<p><span style=\"background-color: #00ffff;\"><em><strong><span style=\"font-size: 14pt;\">&#8211; Adh\u00e9rent \u00a0 \u00a0:\u00a0\u00a0\u00a0 40 \u20ac \/ Trimestre.\u00a0 \u00a0\u00a0 <\/span><\/strong><\/em><\/span><\/p>\n<p><span style=\"background-color: #00ffff;\"><em><strong><span style=\"font-size: 14pt;\"><span style=\"text-decoration: underline;\">\u00a0(Enfant\/Ados moins <\/span><\/span><\/strong><strong><span style=\"font-size: 14pt;\"><span style=\"text-decoration: underline;\">de dix huit <\/span><\/span><\/strong><strong><span style=\"font-size: 14pt;\"><span style=\"text-decoration: underline;\">ans :\u00a0 20\u20ac \/ Trimestre)<\/span><br \/>\n<\/span><\/strong><\/em><\/span><\/p>\n<p>&nbsp;<\/p>\n<h2><span style=\"color: #000080;\"><em><strong><span style=\"text-decoration: underline;\">PAIEMENT \u00a0POUR LA SAISON\u00a0 <span style=\"background-color: #ffff00;\">2025-2026 <\/span><\/span>:<\/strong><\/em><\/span><em> \u00a0 <\/em><\/h2>\n<h2><strong><em><span style=\"text-decoration: underline;\">&#8211; 3\u00a0 CHEQUES \u00a0de \u00a040 \u20ac (ou\u00a0 20 \u20ac) <\/span>\u00a0<span style=\"text-decoration: underline;\">encaissables\u00a0<\/span>\u00a0<span style=\"text-decoration: underline;\">en trois fois<\/span> :<\/em><\/strong><\/h2>\n<h3><strong>* <em>Le 1\/10\/2025<\/em><\/strong><\/h3>\n<h3><strong>* <em>Le 1\/01\/2026<\/em><\/strong><\/h3>\n<h3><strong>* <em>Le 1\/04\/2026<\/em><\/strong><\/h3>\n<p>&nbsp;<\/p>\n<p><span style=\"color: #ff0000;\"><em><span style=\"font-size: 14pt;\">(<span style=\"text-decoration: underline;\"><strong>NOTA : Possibilit\u00e9 de faire un paiement global pour l&rsquo;ann\u00e9e<\/strong><\/span>)<\/span><\/em><\/span><\/p>\n<h4><strong><span style=\"color: #0000ff;\"><em><span style=\"text-decoration: underline; font-size: 14pt;\">Tarifs pour les couples\u00a0 <\/span><\/em>:<\/span><\/strong><\/h4>\n<p><em><strong><span style=\"font-size: 14pt;\"><span style=\"background-color: #ff99cc;\">&#8211; Adh\u00e9rents \u00a0 \u00a0 :\u00a0\u00a0\u00a0 70 \u20ac \/ Trimestre pour le couple<\/span><br \/>\n<\/span><\/strong><\/em><\/p>\n<p>&nbsp;<\/p>\n<p><span style=\"background-color: #ccffff;\"><strong><span style=\"font-size: 14pt; background-color: #ccffff;\">\u00a0(<span style=\"text-decoration: underline;\">NOTA : paiement uniquement par ch\u00e8ques ou virement global)<\/span><\/span><\/strong><\/span><\/p>\n<p><span style=\"color: #0000ff; font-family: arial black,avant garde;\"><em><span style=\"font-size: 16pt;\"><span style=\"text-decoration: underline; color: #ff0000;\">IMPORTANT\u00a0&amp; RARE<\/span> \u00a0<span style=\"color: #ff0000;\">:<\/span>\u00a0 \u00a0Les adh\u00e9rents peuvent prendre les cours suppl\u00e9mentaires qui les int\u00e9ressent <span style=\"text-decoration: underline;\">sans suppl\u00e9ment de tarif<\/span> . <\/span><\/em><\/span><\/p>\n<p><span style=\"color: #0000ff; font-family: 'arial black', 'avant garde'; background-color: #ffff00;\"><em><span style=\"font-size: 16pt; background-color: #ffff00;\">Deux cours d&rsquo;essai gratuits sont offerts aux adh\u00e9rents\u00a0 d\u00e9butants \u00ab\u00a0nouveaux-venus\u00a0\u00bb.<\/span><\/em><\/span><\/p>\n<p><span style=\"font-size: 16pt;\">\u00a0<\/span><\/p>\n<h3><span style=\"background-color: #ffbb42; background-position: initial initial; background-repeat: initial initial;\"><strong>Les adh\u00e9rents lors des inscriptions d\u00e9clarent ne pas avoir de contre-indication m\u00e9dicale\u00a0 pour la pratique de la danse.<\/strong><\/span><\/h3>\n<p><img loading=\"lazy\" decoding=\"async\" class=\"alignleft size-full wp-image-340\" src=\"http:\/\/freedomdc.fr\/wp-content\/uploads\/bando-def.png\" alt=\"\" width=\"650\" height=\"80\" srcset=\"https:\/\/freedomdc.fr\/wp-content\/uploads\/bando-def.png 650w, https:\/\/freedomdc.fr\/wp-content\/uploads\/bando-def-300x36.png 300w\" sizes=\"auto, (max-width: 650px) 100vw, 650px\" \/><\/p>\n","protected":false},"excerpt":{"rendered":"<p>ADHESION :\u00a0 (Assurance, licence&#8230;) &#8211; 20 EUROS \/ Adh\u00e9rent\u00a0 pour l&rsquo;ann\u00e9e. &nbsp; LES\u00a0 COURS\u00a0 : &#8211; Adh\u00e9rent \u00a0 \u00a0:\u00a0\u00a0\u00a0 40 \u20ac \/ Trimestre.\u00a0 \u00a0\u00a0 \u00a0(Enfant\/Ados moins de dix huit ans :\u00a0 20\u20ac \/ Trimestre) &nbsp; PAIEMENT \u00a0POUR LA SAISON\u00a0 2025-2026 : \u00a0 &#8211; 3\u00a0 CHEQUES \u00a0de \u00a040 \u20ac (ou\u00a0 20 \u20ac) \u00a0encaissables\u00a0\u00a0en trois fois : &hellip; <\/p>\n<p><a class=\"more-link block-button\" href=\"https:\/\/freedomdc.fr\/?page_id=9\">Lire la Suite &raquo;<\/a><\/p>\n","protected":false},"author":1,"featured_media":0,"parent":0,"menu_order":0,"comment_status":"closed","ping_status":"closed","template":"","meta":{"footnotes":""},"class_list":["post-9","page","type-page","status-publish","hentry","nodate"],"_links":{"self":[{"href":"https:\/\/freedomdc.fr\/index.php?rest_route=\/wp\/v2\/pages\/9","targetHints":{"allow":["GET"]}}],"collection":[{"href":"https:\/\/freedomdc.fr\/index.php?rest_route=\/wp\/v2\/pages"}],"about":[{"href":"https:\/\/freedomdc.fr\/index.php?rest_route=\/wp\/v2\/types\/page"}],"author":[{"embeddable":true,"href":"https:\/\/freedomdc.fr\/index.php?rest_route=\/wp\/v2\/users\/1"}],"replies":[{"embeddable":true,"href":"https:\/\/freedomdc.fr\/index.php?rest_route=%2Fwp%2Fv2%2Fcomments&post=9"}],"version-history":[{"count":60,"href":"https:\/\/freedomdc.fr\/index.php?rest_route=\/wp\/v2\/pages\/9\/revisions"}],"predecessor-version":[{"id":2882,"href":"https:\/\/freedomdc.fr\/index.php?rest_route=\/wp\/v2\/pages\/9\/revisions\/2882"}],"wp:attachment":[{"href":"https:\/\/freedomdc.fr\/index.php?rest_route=%2Fwp%2Fv2%2Fmedia&parent=9"}],"curies":[{"name":"wp","href":"https:\/\/api.w.org\/{rel}","templated":true}]}}