{"id":589,"date":"2014-09-21T14:10:07","date_gmt":"2014-09-21T12:10:07","guid":{"rendered":"http:\/\/freedomdc.fr\/?page_id=589"},"modified":"2025-09-07T17:18:55","modified_gmt":"2025-09-07T16:18:55","slug":"informations-diverses","status":"publish","type":"page","link":"https:\/\/freedomdc.fr\/?page_id=589","title":{"rendered":"&#8212; Informations diverses &#038; pratiques &#8212;"},"content":{"rendered":"<p>&nbsp;<\/p>\n<p><em><span style=\"font-size: 14pt;\"><span style=\"text-decoration: underline;\">&#8211;<strong><span style=\"color: #ff00ff; text-decoration: underline;\"> La rentr\u00e9e <\/span><\/strong><\/span><strong><span style=\"color: #ff00ff;\"><span style=\"text-decoration: underline;\">\u00a0 2025-26 <\/span><\/span><\/strong>\u00a0est\u00a0 fix\u00e9e au \u00a0<\/span><span style=\"text-decoration: underline;\"><span style=\"font-size: 14pt;\"><strong>lundi 15 <\/strong><\/span><\/span><span style=\"font-size: 14pt;\"><span style=\"text-decoration: underline;\"><strong>septembre 2025 <\/strong><\/span><\/span><\/em><em><span style=\"font-size: 14pt;\">\u00e0 19h45 ou <strong><span style=\"text-decoration: underline;\">le mercredi 17 septembre \u00e0 18h15<\/span><\/strong> (Salle des f\u00eates de Seysses), <span style=\"background-color: #ffff99;\">mais les inscriptions sont prises toute l&rsquo;ann\u00e9e les lundis ou mercredis \u00e0<span style=\"text-decoration: underline;\"> partir de 19h45 \u00e0 la salle des f\u00eates de Seysses<\/span>.<\/span><\/span><\/em><\/p>\n<p><strong><span style=\"font-size: 14pt;\">&#8211;\u00a0<em><span style=\"font-family: 'comic sans ms', sans-serif;\">Deux animatrices confirm\u00e9es assurent les cours.<\/span><\/em><\/span><\/strong><\/p>\n<p>&nbsp;<\/p>\n<ul>\n<li><span style=\"font-family: 'comic sans ms', sans-serif; color: #3366ff;\"><strong><span style=\"font-size: 12pt;\">Un r\u00e8glement int\u00e9rieur a \u00e9t\u00e9 \u00e9tabli pour le fonctionnement de l&rsquo;Association. Il est consultable sur place lors des Assembl\u00e9es G\u00e9n\u00e9rales et sur ce site, ou peut \u00eatre envoy\u00e9 par mail sur demande des adh\u00e9rents.<\/span><\/strong><\/span><\/li>\n<li><span style=\"color: #0000ff;\"><strong><span style=\"font-size: 12pt; font-family: 'comic sans ms', sans-serif;\">Les statuts de l&rsquo;association sont \u00e9galement consultables sur ce site ou peuvent \u00eatre aussi envoy\u00e9s aux adh\u00e9rents sur simple demande.<\/span><\/strong><\/span><\/li>\n<\/ul>\n<p>&nbsp;<\/p>\n<p><span style=\"font-size: 14pt;\"><em><span style=\"text-decoration: underline;\">\u00a0<\/span><\/em><\/span><\/p>\n<p>&nbsp;<\/p>\n<p><span style=\"font-size: 14pt;\"><em><span style=\"text-decoration: underline;\">\u00a0<\/span><\/em><\/span><\/p>\n","protected":false},"excerpt":{"rendered":"<p>&nbsp; &#8211; La rentr\u00e9e \u00a0 2025-26 \u00a0est\u00a0 fix\u00e9e au \u00a0lundi 15 septembre 2025 \u00e0 19h45 ou le mercredi 17 septembre \u00e0 18h15 (Salle des f\u00eates de Seysses), mais les inscriptions sont prises toute l&rsquo;ann\u00e9e les lundis ou mercredis \u00e0 partir de 19h45 \u00e0 la salle des f\u00eates de Seysses. &#8211;\u00a0Deux animatrices confirm\u00e9es assurent les cours. &hellip; <\/p>\n<p><a class=\"more-link block-button\" href=\"https:\/\/freedomdc.fr\/?page_id=589\">Lire la Suite &raquo;<\/a><\/p>\n","protected":false},"author":1,"featured_media":0,"parent":402,"menu_order":0,"comment_status":"closed","ping_status":"closed","template":"","meta":{"footnotes":""},"class_list":["post-589","page","type-page","status-publish","hentry","nodate"],"_links":{"self":[{"href":"https:\/\/freedomdc.fr\/index.php?rest_route=\/wp\/v2\/pages\/589","targetHints":{"allow":["GET"]}}],"collection":[{"href":"https:\/\/freedomdc.fr\/index.php?rest_route=\/wp\/v2\/pages"}],"about":[{"href":"https:\/\/freedomdc.fr\/index.php?rest_route=\/wp\/v2\/types\/page"}],"author":[{"embeddable":true,"href":"https:\/\/freedomdc.fr\/index.php?rest_route=\/wp\/v2\/users\/1"}],"replies":[{"embeddable":true,"href":"https:\/\/freedomdc.fr\/index.php?rest_route=%2Fwp%2Fv2%2Fcomments&post=589"}],"version-history":[{"count":56,"href":"https:\/\/freedomdc.fr\/index.php?rest_route=\/wp\/v2\/pages\/589\/revisions"}],"predecessor-version":[{"id":2898,"href":"https:\/\/freedomdc.fr\/index.php?rest_route=\/wp\/v2\/pages\/589\/revisions\/2898"}],"up":[{"embeddable":true,"href":"https:\/\/freedomdc.fr\/index.php?rest_route=\/wp\/v2\/pages\/402"}],"wp:attachment":[{"href":"https:\/\/freedomdc.fr\/index.php?rest_route=%2Fwp%2Fv2%2Fmedia&parent=589"}],"curies":[{"name":"wp","href":"https:\/\/api.w.org\/{rel}","templated":true}]}}