{"id":5,"date":"2012-10-02T23:35:32","date_gmt":"2012-10-02T21:35:32","guid":{"rendered":"http:\/\/freedomdc.fr\/?page_id=5"},"modified":"2025-09-05T16:44:33","modified_gmt":"2025-09-05T15:44:33","slug":"cours","status":"publish","type":"page","link":"https:\/\/freedomdc.fr\/?page_id=5","title":{"rendered":"&#8212; COURS   (dates &#038; horaires),"},"content":{"rendered":"<div id=\"attachment_2611\" style=\"width: 208px\" class=\"wp-caption alignright\"><img loading=\"lazy\" decoding=\"async\" aria-describedby=\"caption-attachment-2611\" class=\"wp-image-2611\" src=\"http:\/\/freedomdc.fr\/wp-content\/uploads\/Nadine-chapeau-rouge-1.jpg\" alt=\"\" width=\"198\" height=\"242\" \/><p id=\"caption-attachment-2611\" class=\"wp-caption-text\"><strong>\u00a0 \u00a0 \u00a0 \u00a0 \u00a0 \u00a0 \u00a0 \u00a0 \u00a0 \u00a0 \u00a0<span style=\"text-decoration: underline;\">NADINE<\/span><\/strong><\/p><\/div>\n<div id=\"attachment_2607\" style=\"width: 148px\" class=\"wp-caption alignright\"><img loading=\"lazy\" decoding=\"async\" aria-describedby=\"caption-attachment-2607\" class=\"wp-image-2607 size-medium\" src=\"http:\/\/freedomdc.fr\/wp-content\/uploads\/photo-Sylvie-138x300.jpg\" alt=\"\" width=\"138\" height=\"300\" srcset=\"https:\/\/freedomdc.fr\/wp-content\/uploads\/photo-Sylvie-138x300.jpg 138w, https:\/\/freedomdc.fr\/wp-content\/uploads\/photo-Sylvie-768x1664.jpg 768w, https:\/\/freedomdc.fr\/wp-content\/uploads\/photo-Sylvie-473x1024.jpg 473w\" sizes=\"auto, (max-width: 138px) 100vw, 138px\" \/><p id=\"caption-attachment-2607\" class=\"wp-caption-text\"><strong>\u00a0 \u00a0 \u00a0 \u00a0 \u00a0 \u00a0 <span style=\"text-decoration: underline;\">SYLVIE<\/span><\/strong><\/p><\/div>\n<p>&nbsp;<\/p>\n<p><span style=\"font-size: 12pt; font-family: comic sans ms,sans-serif;\"><a href=\"http:\/\/freedomdc.fr\/wp-content\/uploads\/country-western.png\"><img loading=\"lazy\" decoding=\"async\" class=\"alignright size-full wp-image-251\" src=\"http:\/\/freedomdc.fr\/wp-content\/uploads\/country-western.png\" alt=\"country-western\" width=\"86\" height=\"120\" \/><\/a><\/span><\/p>\n<p><span style=\"background-color: #ffff99;\"><em><span style=\"font-size: 14pt;\">Les \u00a0 cours \u00a0 tous \u00a0 niveaux \u00a0sont \u00a0 dispens\u00e9s \u00a0 par \u00a0nos deux animatrices confirm\u00e9es, Sylvie et Nadine,\u00a0 \u00e0 la salle des f\u00eates de Seysses aux dates et heures suivantes :<\/span><\/em><\/span><\/p>\n<p>,<\/p>\n<p>&nbsp;<\/p>\n<p>&nbsp;<\/p>\n<p>&nbsp;<\/p>\n<p>&nbsp;<\/p>\n<p><span style=\"font-size: 12pt;\"><strong>&#8211; <span style=\"text-decoration: underline; background-color: #ffff00;\">Les lundis \u00a0 \u00a0 \u00a0<\/span>\u00a0: \u00a0 de 19h45 \u00a0 \u00a0 \u00e0 \u00a020h45 \u00a0 \u00a0 : \u00a0niveau<span style=\"color: #0000ff;\">\u00a0 \u00a0\u00ab\u00a0D\u00e9butant\u00a0\u00bb \u00a0 \u00a0<\/span><\/strong><\/span><\/p>\n<p><strong><span style=\"font-size: 12pt;\">\u00a0 \u00a0 \u00a0 \u00a0 \u00a0 \u00a0 \u00a0 \u00a0 \u00a0 \u00a0 \u00a0 \u00a0 \u00a0 \u00a0 \u00a0 \u00a0de \u00a020h45 \u00a0 \u00a0\u00e0 \u00a021h45\u00a0 \u00a0 \u00a0: \u00a0niveau \u00a0 <span style=\"color: #0000ff;\">\u00ab\u00a0Novice\u00a0\u00bb (<span style=\"background-color: #ffff99;\">avec Sylvie<\/span>)<\/span><\/span><\/strong><\/p>\n<p><strong><span style=\"font-size: 12pt;\">&#8211; <span style=\"background-color: #ffcc99;\"><span style=\"text-decoration: underline;\">Les mercredis<\/span> <\/span>:\u00a0 de\u00a0 18h15\u00a0 \u00a0 \u00e0\u00a0 19h45\u00a0 \u00a0 \u00a0:\u00a0 niveau \u00a0 <span style=\"color: #0000ff;\"><span style=\"color: #339966;\">\u00ab\u00a0Interm\u00e9diaires-Avanc\u00e9s\u00a0\u00bb<\/span><\/span><br \/>\n<\/span><\/strong><\/p>\n<p><strong><span style=\"color: #0000ff;\"><em><span style=\"font-size: 12pt;\">\u00a0 \u00a0 \u00a0 \u00a0 \u00a0 \u00a0 \u00a0 \u00a0 \u00a0 \u00a0 \u00a0 \u00a0 \u00a0 \u00a0 \u00a0 \u00a0 \u00a0 \u00a0 \u00a0 \u00a0 \u00a0 \u00a0 \u00a0 \u00a0 \u00a0 \u00a0 \u00a0 \u00a0 \u00a0 \u00a0 \u00a0 \u00a0 \u00a0 \u00a0 \u00a0 \u00a0 \u00a0 \u00a0 \u00a0 \u00a0 \u00a0 \u00a0 \u00a0 \u00a0 \u00a0 \u00a0 \u00a0 \u00a0 \u00a0\u00a0<span style=\"color: #000000;\">(<span style=\"background-color: #ff99cc;\">avec Nadine<\/span>.)<\/span><\/span><\/em><\/span><\/strong><\/p>\n<p>&nbsp;<\/p>\n<p><strong><span style=\"font-family: 'comic sans ms', sans-serif; font-size: 12pt; color: #ff0000;\"><span style=\"font-size: 14pt;\">(<span style=\"text-decoration: underline;\">IMPORTANT &amp; RARE<\/span> : Sans suppl\u00e9ment de tarif, les adh\u00e9rents peuvent assister \u00e0 tous les<\/span><\/span><\/strong><span style=\"font-size: 14pt;\"><strong><span style=\"font-family: 'comic sans ms', sans-serif; color: #ff0000;\">\u00a0<\/span><\/strong><strong><span style=\"font-family: 'comic sans ms', sans-serif; color: #ff0000;\">co<\/span><\/strong><strong><span style=\"font-family: 'comic sans ms', sans-serif; color: #ff0000;\">urs de niveaux inf\u00e9rieurs s&rsquo;ils le d\u00e9sirent).<\/span><\/strong><\/span><\/p>\n","protected":false},"excerpt":{"rendered":"<p>&nbsp; Les \u00a0 cours \u00a0 tous \u00a0 niveaux \u00a0sont \u00a0 dispens\u00e9s \u00a0 par \u00a0nos deux animatrices confirm\u00e9es, Sylvie et Nadine,\u00a0 \u00e0 la salle des f\u00eates de Seysses aux dates et heures suivantes : , &nbsp; &nbsp; &nbsp; &nbsp; &#8211; Les lundis \u00a0 \u00a0 \u00a0\u00a0: \u00a0 de 19h45 \u00a0 \u00a0 \u00e0 \u00a020h45 \u00a0 \u00a0 : \u00a0niveau\u00a0 &hellip; <\/p>\n<p><a class=\"more-link block-button\" href=\"https:\/\/freedomdc.fr\/?page_id=5\">Lire la Suite &raquo;<\/a><\/p>\n","protected":false},"author":1,"featured_media":0,"parent":0,"menu_order":0,"comment_status":"closed","ping_status":"closed","template":"","meta":{"footnotes":""},"class_list":["post-5","page","type-page","status-publish","hentry","nodate"],"_links":{"self":[{"href":"https:\/\/freedomdc.fr\/index.php?rest_route=\/wp\/v2\/pages\/5","targetHints":{"allow":["GET"]}}],"collection":[{"href":"https:\/\/freedomdc.fr\/index.php?rest_route=\/wp\/v2\/pages"}],"about":[{"href":"https:\/\/freedomdc.fr\/index.php?rest_route=\/wp\/v2\/types\/page"}],"author":[{"embeddable":true,"href":"https:\/\/freedomdc.fr\/index.php?rest_route=\/wp\/v2\/users\/1"}],"replies":[{"embeddable":true,"href":"https:\/\/freedomdc.fr\/index.php?rest_route=%2Fwp%2Fv2%2Fcomments&post=5"}],"version-history":[{"count":64,"href":"https:\/\/freedomdc.fr\/index.php?rest_route=\/wp\/v2\/pages\/5\/revisions"}],"predecessor-version":[{"id":2879,"href":"https:\/\/freedomdc.fr\/index.php?rest_route=\/wp\/v2\/pages\/5\/revisions\/2879"}],"wp:attachment":[{"href":"https:\/\/freedomdc.fr\/index.php?rest_route=%2Fwp%2Fv2%2Fmedia&parent=5"}],"curies":[{"name":"wp","href":"https:\/\/api.w.org\/{rel}","templated":true}]}}