{"id":402,"date":"2014-04-21T17:25:54","date_gmt":"2014-04-21T15:25:54","guid":{"rendered":"http:\/\/freedomdc.fr\/?page_id=402"},"modified":"2025-09-08T10:00:12","modified_gmt":"2025-09-08T09:00:12","slug":"accueil","status":"publish","type":"page","link":"https:\/\/freedomdc.fr\/","title":{"rendered":"&#8212; Accueil &#8212;"},"content":{"rendered":"<div id=\"attachment_2626\" style=\"width: 315px\" class=\"wp-caption aligncenter\"><img loading=\"lazy\" decoding=\"async\" aria-describedby=\"caption-attachment-2626\" class=\"wp-image-2626\" src=\"http:\/\/freedomdc.fr\/wp-content\/uploads\/IMG-20230628-WA0005-300x146.jpg\" alt=\"\" width=\"305\" height=\"149\" srcset=\"https:\/\/freedomdc.fr\/wp-content\/uploads\/IMG-20230628-WA0005-300x146.jpg 300w, https:\/\/freedomdc.fr\/wp-content\/uploads\/IMG-20230628-WA0005-768x373.jpg 768w, https:\/\/freedomdc.fr\/wp-content\/uploads\/IMG-20230628-WA0005-1024x497.jpg 1024w, https:\/\/freedomdc.fr\/wp-content\/uploads\/IMG-20230628-WA0005.jpg 1600w\" sizes=\"auto, (max-width: 305px) 100vw, 305px\" \/><p id=\"caption-attachment-2626\" class=\"wp-caption-text\"><strong>\u00a0 \u00a0 \u00a0 \u00a0 \u00a0 \u00a0 \u00a0 \u00a0 \u00a0 <span style=\"font-family: 'comic sans ms', sans-serif;\">Le Bureau \u00ab\u00a0FREEDOM\u00a0\u00bb<\/span><\/strong><\/p><\/div>\n<p><img loading=\"lazy\" decoding=\"async\" class=\" wp-image-2888 alignleft\" src=\"http:\/\/freedomdc.fr\/wp-content\/uploads\/PHOTO-2025-09-01-11-33-06-234x300.jpg\" alt=\"\" width=\"221\" height=\"283\" srcset=\"https:\/\/freedomdc.fr\/wp-content\/uploads\/PHOTO-2025-09-01-11-33-06-234x300.jpg 234w, https:\/\/freedomdc.fr\/wp-content\/uploads\/PHOTO-2025-09-01-11-33-06.jpg 415w\" sizes=\"auto, (max-width: 221px) 100vw, 221px\" \/><\/p>\n<p><img loading=\"lazy\" decoding=\"async\" class=\"alignright wp-image-1345\" src=\"http:\/\/freedomdc.fr\/wp-content\/uploads\/Soir\u00e9e-adh\u00e9rents-20-nov-15-048-225x300.jpg\" alt=\"\" width=\"205\" height=\"274\" srcset=\"https:\/\/freedomdc.fr\/wp-content\/uploads\/Soir\u00e9e-adh\u00e9rents-20-nov-15-048-225x300.jpg 225w, https:\/\/freedomdc.fr\/wp-content\/uploads\/Soir\u00e9e-adh\u00e9rents-20-nov-15-048-768x1024.jpg 768w\" sizes=\"auto, (max-width: 205px) 100vw, 205px\" \/><\/p>\n<p><span style=\"font-size: 12pt; font-family: comic sans ms,sans-serif; color: #800080;\"> <strong>\u00a0<span style=\"color: #008000;\"> \u00a0 \u00a0 \u00a0\u00a0<\/span><\/strong><\/span><\/p>\n<p><span style=\"background-color: #ffffff;\"><strong><span style=\"font-family: 'comic sans ms', sans-serif; color: #008000;\">LA \u00a0DANSE \u00a0 COUNTRY \u00a0 C&rsquo;EST \u00a0LA \u00a0SANTE \u00a0!<\/span><\/strong><\/span><\/p>\n<p><span style=\"font-size: 12pt;\"><strong><span style=\"font-family: comic sans ms,sans-serif; color: #008000;\">Sport complet par excellence, ce style de danse \u00e9tait autrefois une forme d&rsquo;expression corporelle reconnue pour le bien \u00eatre qu&rsquo;il procure. Il d\u00e9veloppe la m\u00e9moire, la mobilit\u00e9, la souplesse, les r\u00e9flexes et la confiance en soi, cela dans la bonne humeur et en musique. C&rsquo;est plus que de la danse, c&rsquo;est un \u00e9tat d&rsquo;esprit.<br \/>\n<\/span><\/strong><\/span><\/p>\n<p><span style=\"font-size: 12pt;\"><strong><span style=\"font-family: comic sans ms,sans-serif; color: #008000;\">A tout \u00e2ge,\u00a0 avec ou\u00a0 sans partenaire,\u00a0 la danse country vous\u00a0 fera\u00a0 rencontrer beaucoup de nouveaux\u00a0 amis en vous donnant\u00a0 une vision positive de votre quotidien, provoquant ainsi un effet b\u00e9n\u00e9fique sur votre\u00a0\u00a0 sant\u00e9 &#8230;<\/span><\/strong><\/span><\/p>\n<p><span style=\"font-size: 12pt;\"><strong><span style=\"font-family: comic sans ms,sans-serif; color: #008000;\">Ambiance sympa, convivialit\u00e9, venez voir, essayez\u00a0 et restez !&#8230;<\/span><\/strong><\/span><\/p>\n<p><strong>\u00a0<\/strong><\/p>\n<p><em><span style=\"font-size: 12pt; color: #0000ff;\"><strong><span style=\"font-size: 14pt;\"><span style=\"color: #ff0000;\">\u00ab\u00a0<span style=\"text-decoration: underline;\">Freedom Dance Country<\/span>\u00ab\u00a0<\/span> \u00a0<\/span> est\u00a0 \u00a0l&rsquo;association\u00a0 \u00a0de\u00a0 \u00a0danses\u00a0 \u00a0 country\u00a0 \u00a0de\u00a0 <span style=\"color: #ff0000;\">SEYSSES<\/span> (31).\u00a0 Elle vous\u00a0 propose\u00a0 un apprentissage facile de la danse country\u00a0 par\u00a0 nos\u00a0 deux \u00a0charmantes\u00a0 animatrices \u00a0exp\u00e9riment\u00e9es,\u00a0 dans\u00a0 une\u00a0 ambiance chaleureuse et\u00a0 d\u00e9contract\u00e9e.\u00a0\u00a0\u00a0 Les cours\u00a0 sont\u00a0 dispens\u00e9s par\u00a0 niveaux.\u00a0 Vous pourrez ainsi progresser \u00e0 votre rythme en apprenant\u00a0 tout d&rsquo;abord\u00a0 les\u00a0 pas\u00a0 de\u00a0 base\u00a0 et\u00a0 \u00a0les\u00a0 \u00a0premi\u00e8res\u00a0 chor\u00e9graphies.\u00a0 \u00a0Vous\u00a0 \u00a0\u00e9voluerez\u00a0 \u00a0ensuite\u00a0 \u00a0\u00e0\u00a0 \u00a0votre convenance\u00a0 parmi\u00a0 une bande d&rsquo;amis\u00a0 et\u00a0 deviendrez\u00a0 vite\u00a0 un(e)\u00a0 passionn\u00e9(e) de\u00a0 ce\u00a0 style\u00a0 de\u00a0 danse\u00a0 qui\u00a0 sollicite\u00a0 autant\u00a0 le\u00a0 corps\u00a0 que\u00a0 l&rsquo;intellect.\u00a0 <\/strong><\/span><\/em><\/p>\n<p><em><span style=\"color: #000000; background-color: #ffff00;\"><span style=\"font-size: 12pt; background-color: #ffff00;\"><strong>Deux\u00a0 cours d&rsquo;essai\u00a0<\/strong><\/span><span style=\"font-size: 12pt; background-color: #ffff00;\"><strong>\u00a0 <span style=\"text-decoration: underline;\">gratuits et sans engagement\u00a0<\/span>\u00a0 sont\u00a0 offerts\u00a0 aux \u00ab\u00a0d\u00e9butants nouveaux-venus\u00a0\u00bb.<\/strong><\/span><\/span><\/em><\/p>\n<p><span style=\"color: #0000ff;\"><strong><em><span style=\"font-size: 12pt;\">&#8211; <span style=\"text-decoration: underline;\">Les cours<\/span> ont lieu\u00a0 \u00e0 la salle des f\u00eates de Seysses, chemin des Boulb\u00e8nes, soit le \u00a0lundi\u00a0 \u00e0 19h45,\u00a0\u00a0 soit\u00a0 le\u00a0 mercredi\u00a0 \u00e0\u00a0 <span style=\"text-decoration: underline;\">18h15 <\/span>.<\/span><\/em><\/strong><\/span><\/p>\n<p>&nbsp;<\/p>\n<p><span style=\"font-family: comic sans ms,sans-serif; color: #ff0000;\"><em><span style=\"font-size: 12pt;\">&#8211;<strong><span style=\"text-decoration: underline;\"> POUR\u00a0 PLUS\u00a0 D&rsquo;INFOS, \u00a0Contact\u00a0<\/span> :<\/strong>\u00a0\u00a0 \u00a0\u00a0 <span style=\"font-size: 14pt;\">freedomdc@hotmail.fr<\/span><\/span><\/em><\/span><\/p>\n<p><span style=\"color: #0000ff;\"><strong><em><span style=\"font-size: 12pt;\">\u00a0<\/span><\/em><\/strong><\/span><\/p>\n","protected":false},"excerpt":{"rendered":"<p>\u00a0 \u00a0 \u00a0 \u00a0\u00a0 LA \u00a0DANSE \u00a0 COUNTRY \u00a0 C&rsquo;EST \u00a0LA \u00a0SANTE \u00a0! Sport complet par excellence, ce style de danse \u00e9tait autrefois une forme d&rsquo;expression corporelle reconnue pour le bien \u00eatre qu&rsquo;il procure. Il d\u00e9veloppe la m\u00e9moire, la mobilit\u00e9, la souplesse, les r\u00e9flexes et la confiance en soi, cela dans la bonne humeur et &hellip; <\/p>\n<p><a class=\"more-link block-button\" href=\"https:\/\/freedomdc.fr\/\">Lire la Suite &raquo;<\/a><\/p>\n","protected":false},"author":1,"featured_media":2888,"parent":0,"menu_order":0,"comment_status":"closed","ping_status":"closed","template":"","meta":{"footnotes":""},"class_list":["post-402","page","type-page","status-publish","has-post-thumbnail","hentry","nodate"],"_links":{"self":[{"href":"https:\/\/freedomdc.fr\/index.php?rest_route=\/wp\/v2\/pages\/402","targetHints":{"allow":["GET"]}}],"collection":[{"href":"https:\/\/freedomdc.fr\/index.php?rest_route=\/wp\/v2\/pages"}],"about":[{"href":"https:\/\/freedomdc.fr\/index.php?rest_route=\/wp\/v2\/types\/page"}],"author":[{"embeddable":true,"href":"https:\/\/freedomdc.fr\/index.php?rest_route=\/wp\/v2\/users\/1"}],"replies":[{"embeddable":true,"href":"https:\/\/freedomdc.fr\/index.php?rest_route=%2Fwp%2Fv2%2Fcomments&post=402"}],"version-history":[{"count":47,"href":"https:\/\/freedomdc.fr\/index.php?rest_route=\/wp\/v2\/pages\/402\/revisions"}],"predecessor-version":[{"id":2899,"href":"https:\/\/freedomdc.fr\/index.php?rest_route=\/wp\/v2\/pages\/402\/revisions\/2899"}],"wp:featuredmedia":[{"embeddable":true,"href":"https:\/\/freedomdc.fr\/index.php?rest_route=\/wp\/v2\/media\/2888"}],"wp:attachment":[{"href":"https:\/\/freedomdc.fr\/index.php?rest_route=%2Fwp%2Fv2%2Fmedia&parent=402"}],"curies":[{"name":"wp","href":"https:\/\/api.w.org\/{rel}","templated":true}]}}