{"id":2706,"date":"2024-02-14T11:31:30","date_gmt":"2024-02-14T10:31:30","guid":{"rendered":"https:\/\/freedomdc.fr\/?page_id=2706"},"modified":"2025-09-11T07:16:33","modified_gmt":"2025-09-11T06:16:33","slug":"reglement-interieur-2","status":"publish","type":"page","link":"https:\/\/freedomdc.fr\/?page_id=2706","title":{"rendered":"R\u00e8glement int\u00e9rieur"},"content":{"rendered":"<p><span style=\"font-size: 20pt; font-family: 'comic sans ms', sans-serif;\"><strong><a href=\"http:\/\/freedomdc.fr\/wp-content\/uploads\/Reglement-interieur-actualise-2023-24-.pdf\">R\u00e8glement int\u00e9rieur actualis\u00e9 2023-24 <span style=\"color: #ff0000;\">(Cliquer<\/span> <span style=\"color: #ff0000;\">ICI)<\/span><\/a><\/strong><\/span><\/p>\n<p>&nbsp;<\/p>\n","protected":false},"excerpt":{"rendered":"<p>R\u00e8glement int\u00e9rieur actualis\u00e9 2023-24 (Cliquer ICI) &nbsp;<\/p>\n","protected":false},"author":1,"featured_media":0,"parent":0,"menu_order":0,"comment_status":"closed","ping_status":"closed","template":"","meta":{"footnotes":""},"class_list":["post-2706","page","type-page","status-publish","hentry","nodate"],"_links":{"self":[{"href":"https:\/\/freedomdc.fr\/index.php?rest_route=\/wp\/v2\/pages\/2706","targetHints":{"allow":["GET"]}}],"collection":[{"href":"https:\/\/freedomdc.fr\/index.php?rest_route=\/wp\/v2\/pages"}],"about":[{"href":"https:\/\/freedomdc.fr\/index.php?rest_route=\/wp\/v2\/types\/page"}],"author":[{"embeddable":true,"href":"https:\/\/freedomdc.fr\/index.php?rest_route=\/wp\/v2\/users\/1"}],"replies":[{"embeddable":true,"href":"https:\/\/freedomdc.fr\/index.php?rest_route=%2Fwp%2Fv2%2Fcomments&post=2706"}],"version-history":[{"count":12,"href":"https:\/\/freedomdc.fr\/index.php?rest_route=\/wp\/v2\/pages\/2706\/revisions"}],"predecessor-version":[{"id":2913,"href":"https:\/\/freedomdc.fr\/index.php?rest_route=\/wp\/v2\/pages\/2706\/revisions\/2913"}],"wp:attachment":[{"href":"https:\/\/freedomdc.fr\/index.php?rest_route=%2Fwp%2Fv2%2Fmedia&parent=2706"}],"curies":[{"name":"wp","href":"https:\/\/api.w.org\/{rel}","templated":true}]}}