{"id":1262,"date":"2015-08-26T17:12:43","date_gmt":"2015-08-26T16:12:43","guid":{"rendered":"http:\/\/freedomdc.fr\/?page_id=1262"},"modified":"2025-06-02T15:55:20","modified_gmt":"2025-06-02T14:55:20","slug":"freedom-dance-country-portes-ouvertes-samedi-29-aout","status":"publish","type":"page","link":"https:\/\/freedomdc.fr\/?page_id=1262","title":{"rendered":"&#8212;  La  \u00ab\u00a0rentr\u00e9e  2025-26\u00a0\u00bb  chez Freedom D. Country  SEYSSES &#8212;"},"content":{"rendered":"<p>&nbsp;<\/p>\n<p><span style=\"color: #0000ff; font-family: comic sans ms,sans-serif; font-size: 14pt;\"><em><strong><span style=\"text-decoration: underline;\"><span style=\"color: #ff0000; text-decoration: underline;\">La\u00a0 rentr\u00e9e 2025-26<\/span><\/span>\u00a0chez\u00a0 \u00ab\u00a0FREEDOM DANCE COUNTRY\u00a0\u00bb\u00a0 \u00e0 <span style=\"color: #ff0000;\">SEYSSES est fix\u00e9e au <span style=\"background-color: #ffff99;\">lundi 15 septembre 2025<\/span>\u00a0\u00e0 partir de 19h45 \u00e0 la salle des f\u00eates de Seysses (31).<\/span><\/strong><\/em><\/span><\/p>\n<p><span style=\"color: #0000ff; font-family: comic sans ms,sans-serif; font-size: 14pt;\"><em>Mais pour les\u00a0 <span style=\"color: #ff0000;\"><strong>\u00ab\u00a0<span style=\"text-decoration: underline;\">nouveaux-venus<\/span>\u00ab\u00a0<\/strong><\/span>, les cours de danse\u00a0 et\u00a0 <span style=\"text-decoration: underline; background-color: #ffff00;\"><strong>les inscriptions\u00a0<\/strong><\/span> <span style=\"text-decoration: underline;\"><span style=\"background-color: #ffff00;\">ont\u00a0 lieu toute l&rsquo;ann\u00e9e<\/span><\/span> <strong><span style=\"text-decoration: underline;\">chaque lundi \u00e0 19 h<\/span><\/strong>\u00a0<span style=\"text-decoration: underline;\"><strong>45<\/strong> <\/span>\u00a0\u00e0 la salle des f\u00eates de Seysses.\u00a0 Nous vous accueillerons avec grand plaisir\u00a0 et vous\u00a0 pourrez\u00a0 simplement regarder\u00a0 ou participer aux\u00a0 <strong><span style=\"text-decoration: underline; background-color: #ffff99;\">deux cours gratuits<\/span><\/strong>\u00a0 de d\u00e9couverte sans engagement.\u00a0 Si cela vous plait vous pourrez\u00a0 vous inscrire sur place ou\u00a0 bien revenir\u00a0 \u00e9ventuellement le lundi suivant pour un nouvel essai&#8230;<br \/>\n<\/em><\/span><\/p>\n<p>&nbsp;<\/p>\n<p>&#8212;&#8212;&#8212;&#8212;&#8212;&#8212;&#8212;&#8212;&#8212;&#8212;&#8212;&#8212;&#8212;&#8212;&#8212;&#8212;&#8212;&#8212;&#8212;&#8212;&#8212;&#8212;&#8212;&#8212;&#8212;&#8212;&#8212;&#8212;&#8212;&#8212;&#8212;&#8212;&#8212;&#8212;&#8212;&#8212;&#8212;&#8212;&#8212;&#8212;&#8212;&#8212;&#8212;&#8212;&#8212;&#8212;&#8212;&#8212;&#8212;&#8212;&#8212;-<\/p>\n<p><span style=\"color: #800080; font-size: 12pt;\"><em><strong><span style=\"font-family: comic sans ms,sans-serif;\"><span style=\"text-decoration: underline;\">(L&rsquo;Association\u00a0 \u00ab\u00a0FREEDOM Dance Country\u00a0\u00bb de Seysses n&rsquo;a d&rsquo;existence que par l&rsquo;amiti\u00e9 et la solidarit\u00e9 de ses membres.<\/span><\/span><\/strong><\/em><\/span><\/p>\n<p><span style=\"color: #800080; font-size: 12pt;\"><em><strong><span style=\"font-family: comic sans ms,sans-serif;\">Pas de comp\u00e9tition entre les membres, tous sur un m\u00eame pied d&rsquo;\u00e9galit\u00e9, bonne humeur et convivialit\u00e9 sont au programme, l&rsquo;association se voulant amicale, chaleureuse et ouverte sur les autres. Elle sera \u00e0 l&rsquo;image de ses adh\u00e9rents et de ce qu&rsquo;ils en feront. A chaque membre de la faire vivre dans la passion de la danse, dans le respect de l&rsquo;autre et dans un bon esprit, en toute indulgence, sans animosit\u00e9 ni rancoeur.<\/span><\/strong><\/em><\/span><\/p>\n<p><span style=\"font-size: 12pt;\">\u00a0<\/span><\/p>\n<p><em><strong><span style=\"color: #ff0000; font-family: comic sans ms,sans-serif; font-size: 14pt;\"><span style=\"text-decoration: underline;\">Plus d&rsquo;infos, contact<\/span>\u00a0 :\u00a0 \u00a0 freedomdc@hotmail.fr\u00a0 &#8211;\u00a0 <\/span><\/strong><\/em><\/p>\n<p><em><strong><span style=\"color: #ff0000; font-family: comic sans ms,sans-serif; font-size: 14pt;\"><span style=\"text-decoration: underline;\">Site internet\u00a0<\/span> : \u00a0\u00a0 www.Freedom Dance Country Seysses &#8211;<br \/>\n<\/span><\/strong><\/em><\/p>\n<p>&nbsp;<\/p>\n","protected":false},"excerpt":{"rendered":"<p>&nbsp; La\u00a0 rentr\u00e9e 2025-26\u00a0chez\u00a0 \u00ab\u00a0FREEDOM DANCE COUNTRY\u00a0\u00bb\u00a0 \u00e0 SEYSSES est fix\u00e9e au lundi 15 septembre 2025\u00a0\u00e0 partir de 19h45 \u00e0 la salle des f\u00eates de Seysses (31). Mais pour les\u00a0 \u00ab\u00a0nouveaux-venus\u00ab\u00a0, les cours de danse\u00a0 et\u00a0 les inscriptions\u00a0 ont\u00a0 lieu toute l&rsquo;ann\u00e9e chaque lundi \u00e0 19 h\u00a045 \u00a0\u00e0 la salle des f\u00eates de Seysses.\u00a0 Nous &hellip; <\/p>\n<p><a class=\"more-link block-button\" href=\"https:\/\/freedomdc.fr\/?page_id=1262\">Lire la Suite &raquo;<\/a><\/p>\n","protected":false},"author":1,"featured_media":0,"parent":0,"menu_order":0,"comment_status":"open","ping_status":"closed","template":"","meta":{"footnotes":""},"class_list":["post-1262","page","type-page","status-publish","hentry","nodate"],"_links":{"self":[{"href":"https:\/\/freedomdc.fr\/index.php?rest_route=\/wp\/v2\/pages\/1262","targetHints":{"allow":["GET"]}}],"collection":[{"href":"https:\/\/freedomdc.fr\/index.php?rest_route=\/wp\/v2\/pages"}],"about":[{"href":"https:\/\/freedomdc.fr\/index.php?rest_route=\/wp\/v2\/types\/page"}],"author":[{"embeddable":true,"href":"https:\/\/freedomdc.fr\/index.php?rest_route=\/wp\/v2\/users\/1"}],"replies":[{"embeddable":true,"href":"https:\/\/freedomdc.fr\/index.php?rest_route=%2Fwp%2Fv2%2Fcomments&post=1262"}],"version-history":[{"count":67,"href":"https:\/\/freedomdc.fr\/index.php?rest_route=\/wp\/v2\/pages\/1262\/revisions"}],"predecessor-version":[{"id":2877,"href":"https:\/\/freedomdc.fr\/index.php?rest_route=\/wp\/v2\/pages\/1262\/revisions\/2877"}],"wp:attachment":[{"href":"https:\/\/freedomdc.fr\/index.php?rest_route=%2Fwp%2Fv2%2Fmedia&parent=1262"}],"curies":[{"name":"wp","href":"https:\/\/api.w.org\/{rel}","templated":true}]}}