{"id":1113,"date":"2015-04-06T15:51:24","date_gmt":"2015-04-06T14:51:24","guid":{"rendered":"http:\/\/freedomdc.fr\/?page_id=1113"},"modified":"2017-02-15T17:56:20","modified_gmt":"2017-02-15T16:56:20","slug":"evolution-de-la-danse-country","status":"publish","type":"page","link":"https:\/\/freedomdc.fr\/?page_id=1113","title":{"rendered":"Evolution de la danse country"},"content":{"rendered":"<p><span style=\"font-family: comic sans ms,sans-serif; font-size: 12pt; color: #0000ff;\"><em><strong>Comment et pourquoi a \u00e9volu\u00e9 la danse country ?<\/strong><\/em><\/span><\/p>\n<p><span style=\"color: #0000ff;\"><strong><em><span style=\"font-family: comic sans ms,sans-serif; font-size: 12pt;\">N&rsquo;en d\u00e9plaise aux\u00a0 \u00ab\u00a0puristes\u00a0\u00bb qui pr\u00f4nent la <\/span><\/em><span style=\"font-family: comic sans ms,sans-serif; font-size: 12pt;\">pure country<\/span><em><span style=\"font-family: comic sans ms,sans-serif; font-size: 12pt;\">, la Country Dance a su r\u00e9ussir l&rsquo;int\u00e9gration des accents musicaux nouveaux et, loin de rester fig\u00e9e, la danse country a su incorporer les sp\u00e9cificit\u00e9s des nouvelles danses, poursuivant ainsi son \u00e9volution.<\/span><\/em><\/strong><\/span><\/p>\n<p><span style=\"color: #0000ff;\"><strong><em><span style=\"font-family: comic sans ms,sans-serif; font-size: 12pt;\">West Coast Swing, Boogie, Cha Cha, Waltz, Cuban, Rumba, East Coast, Rock,&#8230;,\u00a0 tous ces styles qui viennent compl\u00e9menter les \u00ab\u00a0classiques\u00a0\u00bb\u00a0 d\u00e9montrent donc une \u00e9volution constante de la danse country, et sa diversit\u00e9 devient ainsi le garant de son succ\u00e8s grandissant.<br \/>\n<\/span><\/em><\/strong><\/span><\/p>\n<p>&nbsp;<\/p>\n<p><span style=\"color: #008000;\"><em><span style=\"font-size: 10pt; font-family: trebuchet ms,geneva;\">(<strong>Much to the dismay of those who prefer the traditional country and western dance,\u00a0 the latter has changed over\u00a0 the last few years due to the influence of different rhytms.\u00a0 Example\u00a0 :\u00a0 West coast swing, Boogie, Cha cha, Cuban, Rumba, East coast\u00a0 and many more.<\/strong><\/span><\/em><\/span><\/p>\n<p><strong><span style=\"color: #008000;\"><em><span style=\"font-size: 10pt; font-family: trebuchet ms,geneva;\">All these styles added to the original country western give a more up to date varied way of dancing and prove a success judging by the ever growing number of dancers.)<\/span><\/em><\/span><\/strong><\/p>\n<p>&nbsp;<\/p>\n","protected":false},"excerpt":{"rendered":"<p>Comment et pourquoi a \u00e9volu\u00e9 la danse country ? N&rsquo;en d\u00e9plaise aux\u00a0 \u00ab\u00a0puristes\u00a0\u00bb qui pr\u00f4nent la pure country, la Country Dance a su r\u00e9ussir l&rsquo;int\u00e9gration des accents musicaux nouveaux et, loin de rester fig\u00e9e, la danse country a su incorporer les sp\u00e9cificit\u00e9s des nouvelles danses, poursuivant ainsi son \u00e9volution. West Coast Swing, Boogie, Cha Cha, &hellip; <\/p>\n<p><a class=\"more-link block-button\" href=\"https:\/\/freedomdc.fr\/?page_id=1113\">Lire la Suite &raquo;<\/a><\/p>\n","protected":false},"author":1,"featured_media":0,"parent":0,"menu_order":0,"comment_status":"open","ping_status":"open","template":"","meta":{"footnotes":""},"class_list":["post-1113","page","type-page","status-publish","hentry","nodate"],"_links":{"self":[{"href":"https:\/\/freedomdc.fr\/index.php?rest_route=\/wp\/v2\/pages\/1113","targetHints":{"allow":["GET"]}}],"collection":[{"href":"https:\/\/freedomdc.fr\/index.php?rest_route=\/wp\/v2\/pages"}],"about":[{"href":"https:\/\/freedomdc.fr\/index.php?rest_route=\/wp\/v2\/types\/page"}],"author":[{"embeddable":true,"href":"https:\/\/freedomdc.fr\/index.php?rest_route=\/wp\/v2\/users\/1"}],"replies":[{"embeddable":true,"href":"https:\/\/freedomdc.fr\/index.php?rest_route=%2Fwp%2Fv2%2Fcomments&post=1113"}],"version-history":[{"count":2,"href":"https:\/\/freedomdc.fr\/index.php?rest_route=\/wp\/v2\/pages\/1113\/revisions"}],"predecessor-version":[{"id":1681,"href":"https:\/\/freedomdc.fr\/index.php?rest_route=\/wp\/v2\/pages\/1113\/revisions\/1681"}],"wp:attachment":[{"href":"https:\/\/freedomdc.fr\/index.php?rest_route=%2Fwp%2Fv2%2Fmedia&parent=1113"}],"curies":[{"name":"wp","href":"https:\/\/api.w.org\/{rel}","templated":true}]}}